{"id":2303,"date":"2023-10-03T07:59:20","date_gmt":"2023-10-03T05:59:20","guid":{"rendered":"https:\/\/compilot.dk\/about\/sustainability\/"},"modified":"2025-07-15T18:25:02","modified_gmt":"2025-07-15T16:25:02","slug":"sustainability","status":"publish","type":"page","link":"https:\/\/compilot.dk\/en\/about\/sustainability\/","title":{"rendered":"Sustainability"},"content":{"rendered":"<p><div class=\"fusion-bg-parallax\" data-bg-align=\"center center\" data-direction=\"up\" data-mute=\"false\" data-opacity=\"100\" data-velocity=\"-0.3\" data-mobile-enabled=\"false\" data-break_parents=\"0\" data-bg-image=\"https:\/\/compilot.dk\/wp-content\/uploads\/2023\/09\/compilot-sustainable-projects-aarhus-harbor_p40.jpg\" data-bg-repeat=\"false\" data-bg-color=\"rgba(0,0,0,0.8)\" data-bg-gradient-type=\"linear\" data-bg-gradient-angle=\"180\" data-bg-gradient-start-color=\"rgba(0,0,0,0.5)\" data-bg-gradient-start-position=\"0\" data-bg-gradient-end-color=\"rgba(0,0,0,0.5)\" data-bg-gradient-end-position=\"100\" data-bg-radial-direction=\"center center\" ><\/div><div class=\"fusion-fullwidth fullwidth-box fusion-builder-row-1 fusion-flex-container has-pattern-background has-mask-background fusion-parallax-up nonhundred-percent-fullwidth non-hundred-percent-height-scrolling\" style=\"--awb-border-radius-top-left:0px;--awb-border-radius-top-right:0px;--awb-border-radius-bottom-right:0px;--awb-border-radius-bottom-left:0px;--awb-min-height:400px;--awb-background-color:rgba(0,0,0,0.8);--awb-background-image:linear-gradient(180deg, rgba(0,0,0,0.5) 0%,rgba(0,0,0,0.5) 100%),url(https:\/\/compilot.dk\/wp-content\/uploads\/2023\/09\/compilot-sustainable-projects-aarhus-harbor_p40.jpg);;--awb-background-size:cover;--awb-flex-wrap:wrap;\" ><div class=\"fusion-builder-row fusion-row fusion-flex-align-items-flex-start fusion-flex-content-wrap\" style=\"max-width:1248px;margin-left: calc(-4% \/ 2 );margin-right: calc(-4% \/ 2 );\"><div class=\"fusion-layout-column fusion_builder_column fusion-builder-column-0 fusion_builder_column_1_1 1_1 fusion-flex-column fusion-flex-align-self-center\" style=\"--awb-bg-size:cover;--awb-width-large:100%;--awb-margin-top-large:0px;--awb-spacing-right-large:7.68%;--awb-margin-bottom-large:20px;--awb-spacing-left-large:7.68%;--awb-width-medium:100%;--awb-order-medium:0;--awb-spacing-right-medium:7.68%;--awb-spacing-left-medium:7.68%;--awb-width-small:100%;--awb-order-small:0;--awb-spacing-right-small:1.92%;--awb-spacing-left-small:1.92%;\" data-scroll-devices=\"small-visibility,medium-visibility,large-visibility\"><div class=\"fusion-column-wrapper fusion-column-has-shadow fusion-flex-justify-content-center fusion-content-layout-column\"><div class=\"fusion-title title fusion-title-1 fusion-sep-none fusion-title-center fusion-title-text fusion-title-size-one\" style=\"--awb-text-color:#ffffff;--awb-margin-top:3%;--awb-margin-bottom:0%;--awb-font-size:56px;\"><h1 class=\"fusion-title-heading title-heading-center\" style=\"margin:0;font-size:1em;text-transform:uppercase;\"><h1 style=\"text-align: center;\">SUSTAINABLE<\/h1><\/h1><\/div><div class=\"fusion-title title fusion-title-2 fusion-sep-none fusion-title-center fusion-title-text fusion-title-size-two\" style=\"--awb-text-color:#ffffff;--awb-margin-top:0%;--awb-margin-bottom:2%;--awb-font-size:40px;\"><h2 class=\"fusion-title-heading title-heading-center\" style=\"margin:0;font-size:1em;text-transform:uppercase;\"><h2 style=\"text-align: center;\">PROCESSES AND BOTTOM LINES<\/h2><\/h2><\/div><\/div><\/div><\/div><\/div><div class=\"fusion-fullwidth fullwidth-box fusion-builder-row-2 fusion-flex-container has-pattern-background has-mask-background nonhundred-percent-fullwidth non-hundred-percent-height-scrolling\" style=\"--awb-border-radius-top-left:0px;--awb-border-radius-top-right:0px;--awb-border-radius-bottom-right:0px;--awb-border-radius-bottom-left:0px;--awb-padding-top:18px;--awb-padding-right:0px;--awb-padding-bottom:3px;--awb-padding-left:0px;--awb-margin-bottom:0px;--awb-background-color:var(--awb-color7);--awb-flex-wrap:wrap;\" ><div class=\"fusion-builder-row fusion-row fusion-flex-align-items-flex-start fusion-flex-content-wrap\" style=\"max-width:1248px;margin-left: calc(-4% \/ 2 );margin-right: calc(-4% \/ 2 );\"><div class=\"fusion-layout-column fusion_builder_column fusion-builder-column-1 fusion_builder_column_1_3 1_3 fusion-flex-column\" style=\"--awb-bg-size:cover;--awb-width-large:33.333333333333%;--awb-margin-top-large:3px;--awb-spacing-right-large:5.76%;--awb-margin-bottom-large:10px;--awb-spacing-left-large:5.76%;--awb-width-medium:33.333333333333%;--awb-order-medium:0;--awb-spacing-right-medium:5.76%;--awb-spacing-left-medium:5.76%;--awb-width-small:100%;--awb-order-small:0;--awb-spacing-right-small:1.92%;--awb-spacing-left-small:1.92%;\"><div class=\"fusion-column-wrapper fusion-column-has-shadow fusion-flex-justify-content-flex-start fusion-content-layout-column\"><\/div><\/div><div class=\"fusion-layout-column fusion_builder_column fusion-builder-column-2 fusion_builder_column_1_3 1_3 fusion-flex-column\" style=\"--awb-bg-size:cover;--awb-width-large:33.333333333333%;--awb-margin-top-large:3px;--awb-spacing-right-large:5.76%;--awb-margin-bottom-large:10px;--awb-spacing-left-large:5.76%;--awb-width-medium:33.333333333333%;--awb-order-medium:0;--awb-spacing-right-medium:5.76%;--awb-spacing-left-medium:5.76%;--awb-width-small:100%;--awb-order-small:0;--awb-spacing-right-small:1.92%;--awb-spacing-left-small:1.92%;\"><div class=\"fusion-column-wrapper fusion-column-has-shadow fusion-flex-justify-content-flex-start fusion-content-layout-column\"><div class=\"fusion-text fusion-text-1\" style=\"--awb-font-size:24px;--awb-line-height:24px;--awb-text-color:#ffffff;\"><p><img decoding=\"async\" class=\"alignnone size-medium wp-image-852 aligncenter\" src=\"https:\/\/compilot.dk\/wp-content\/uploads\/2023\/10\/baeredygtighed-processerprojekter-hvid-300x52.png\" alt=\"\" width=\"300\" height=\"52\" srcset=\"https:\/\/compilot.dk\/wp-content\/uploads\/2023\/10\/baeredygtighed-processerprojekter-hvid-200x35.png 200w, https:\/\/compilot.dk\/wp-content\/uploads\/2023\/10\/baeredygtighed-processerprojekter-hvid-300x52.png 300w, https:\/\/compilot.dk\/wp-content\/uploads\/2023\/10\/baeredygtighed-processerprojekter-hvid-400x70.png 400w, https:\/\/compilot.dk\/wp-content\/uploads\/2023\/10\/baeredygtighed-processerprojekter-hvid-600x105.png 600w, https:\/\/compilot.dk\/wp-content\/uploads\/2023\/10\/baeredygtighed-processerprojekter-hvid.png 602w\" sizes=\"(max-width: 300px) 100vw, 300px\" \/><\/p>\n<p style=\"text-align: center;\"><strong>PROCESSES + PROJECTS<\/strong><\/p>\n<p style=\"text-align: center;\"><strong>CREATES SUSTAINABILITY<\/strong><\/p>\n<\/div><\/div><\/div><div class=\"fusion-layout-column fusion_builder_column fusion-builder-column-3 fusion_builder_column_1_3 1_3 fusion-flex-column\" style=\"--awb-bg-size:cover;--awb-width-large:33.333333333333%;--awb-margin-top-large:3px;--awb-spacing-right-large:5.76%;--awb-margin-bottom-large:10px;--awb-spacing-left-large:5.76%;--awb-width-medium:33.333333333333%;--awb-order-medium:0;--awb-spacing-right-medium:5.76%;--awb-spacing-left-medium:5.76%;--awb-width-small:100%;--awb-order-small:0;--awb-spacing-right-small:1.92%;--awb-spacing-left-small:1.92%;\"><div class=\"fusion-column-wrapper fusion-column-has-shadow fusion-flex-justify-content-flex-start fusion-content-layout-column\"><\/div><\/div><\/div><\/div><div class=\"fusion-fullwidth fullwidth-box fusion-builder-row-3 fusion-flex-container has-pattern-background has-mask-background nonhundred-percent-fullwidth non-hundred-percent-height-scrolling\" style=\"--awb-border-sizes-top:10px;--awb-border-radius-top-left:0px;--awb-border-radius-top-right:0px;--awb-border-radius-bottom-right:0px;--awb-border-radius-bottom-left:0px;--awb-padding-top:2%;--awb-padding-bottom:2%;--awb-flex-wrap:wrap;\" ><div class=\"fusion-builder-row fusion-row fusion-flex-align-items-flex-start fusion-flex-content-wrap\" style=\"max-width:1248px;margin-left: calc(-4% \/ 2 );margin-right: calc(-4% \/ 2 );\"><div class=\"fusion-layout-column fusion_builder_column fusion-builder-column-4 fusion_builder_column_3_5 3_5 fusion-flex-column\" style=\"--awb-z-index:9;--awb-padding-top:5%;--awb-padding-right:45px;--awb-padding-bottom:3%;--awb-padding-left:45px;--awb-bg-color:var(--awb-color7);--awb-bg-color-hover:var(--awb-color7);--awb-bg-size:cover;--awb-width-large:60%;--awb-margin-top-large:75px;--awb-spacing-right-large:-90px;--awb-margin-bottom-large:20px;--awb-spacing-left-large:3.2%;--awb-width-medium:60%;--awb-order-medium:0;--awb-spacing-right-medium:-90px;--awb-spacing-left-medium:3.2%;--awb-width-small:100%;--awb-order-small:0;--awb-spacing-right-small:1.92%;--awb-spacing-left-small:1.92%;\" data-scroll-devices=\"small-visibility,medium-visibility,large-visibility\"><div class=\"fusion-column-wrapper fusion-column-has-shadow fusion-flex-justify-content-flex-start fusion-content-layout-column\"><div class=\"fusion-title title fusion-title-3 fusion-sep-none fusion-title-text fusion-title-size-two\" style=\"--awb-text-color:#ffffff;--awb-margin-top:0px;--awb-margin-bottom:5px;--awb-font-size:32px;\"><h2 class=\"fusion-title-heading title-heading-left\" style=\"margin:0;font-size:1em;text-transform:uppercase;\">SUSTAINABILITY<\/h2><\/div><div class=\"fusion-title title fusion-title-4 fusion-sep-none fusion-title-text fusion-title-size-three\" style=\"--awb-text-color:#ffffff;--awb-margin-top:0px;--awb-margin-bottom:25px;--awb-font-size:18px;\"><h3 class=\"fusion-title-heading title-heading-left\" style=\"margin:0;font-size:1em;\">WHAT ARE SUSTAINABLE PROJECTS?<\/h3><\/div><div class=\"fusion-text fusion-text-2 fusion-text-no-margin\" style=\"--awb-font-size:19px;--awb-line-height:21px;--awb-text-color:#ffffff;--awb-margin-right:0%;--awb-margin-bottom:3%;--awb-margin-left:0%;\"><p style=\"text-align: justify;\"><strong>SUSTAINABILITY:<br \/>\nThat something is sustainable in terms of the environment, time, economy and people. That something is done\/built\/transformed with as low as reasonably possible consumption of materials, time and costs in respect of the environment.<\/strong><\/p>\n<p style=\"text-align: justify;\"><em><strong>VerdensMaalene.dk<br \/>\n<\/strong><\/em><em>&#8220;A holistic concept of sustainability involves the integration of the environmental, social and economic aspects.<br \/>\nThus, the concept of sustainability excludes the possibility of focusing <strong>only<\/strong> on the environment, for example, as the whole idea is to think holistically.<br \/>\nSome companies are also starting to focus on the &#8216;triple bottom line&#8217; &#8211; i.e. including social and environmental aspects in their financial bottom line. This means that in addition to being profitable, they must also be socially responsible and consider the environment.&#8221;<br \/>\n<\/em><br \/>\n<img decoding=\"async\" class=\"alignnone wp-image-863\" src=\"https:\/\/compilot.dk\/wp-content\/uploads\/2023\/10\/compilot_baeredygtig-processer-hvid-200x176.png\" alt=\"\" width=\"91\" height=\"80\" srcset=\"https:\/\/compilot.dk\/wp-content\/uploads\/2023\/10\/compilot_baeredygtig-processer-hvid-200x176.png 200w, https:\/\/compilot.dk\/wp-content\/uploads\/2023\/10\/compilot_baeredygtig-processer-hvid-300x264.png 300w, https:\/\/compilot.dk\/wp-content\/uploads\/2023\/10\/compilot_baeredygtig-processer-hvid-400x351.png 400w, https:\/\/compilot.dk\/wp-content\/uploads\/2023\/10\/compilot_baeredygtig-processer-hvid.png 436w\" sizes=\"(max-width: 91px) 100vw, 91px\" \/><br \/>\n<strong>SUSTAINABLE PROCESSES<\/strong><br \/>\nWe deliver sustainable processes, involving the right people in a practical and efficient process &#8211; so that processes are carried out in a cost-optimized way.<\/p>\n<p style=\"text-align: justify;\"><img decoding=\"async\" class=\"alignnone wp-image-861\" src=\"https:\/\/compilot.dk\/wp-content\/uploads\/2023\/10\/compilot_baeredygtige-projekter_trekant-hvid-200x176.png\" alt=\"\" width=\"88\" height=\"77\" srcset=\"https:\/\/compilot.dk\/wp-content\/uploads\/2023\/10\/compilot_baeredygtige-projekter_trekant-hvid-200x176.png 200w, https:\/\/compilot.dk\/wp-content\/uploads\/2023\/10\/compilot_baeredygtige-projekter_trekant-hvid-300x264.png 300w, https:\/\/compilot.dk\/wp-content\/uploads\/2023\/10\/compilot_baeredygtige-projekter_trekant-hvid-400x351.png 400w, https:\/\/compilot.dk\/wp-content\/uploads\/2023\/10\/compilot_baeredygtige-projekter_trekant-hvid.png 436w\" sizes=\"(max-width: 88px) 100vw, 88px\" \/><br \/>\n<strong>SUSTAINABLE PROJECTS<br \/>\n<\/strong>We deliver sustainable projects by creating robust budgets and plans &#8211; that stick &#8211; so projects deliver on quality, time and budget.<\/p>\n<p style=\"text-align: justify;\"><img decoding=\"async\" class=\"alignnone wp-image-864\" src=\"https:\/\/compilot.dk\/wp-content\/uploads\/2023\/10\/compilot_baeredygtig-bundlinje-eur-hvid-200x176.png\" alt=\"\" width=\"92\" height=\"81\" srcset=\"https:\/\/compilot.dk\/wp-content\/uploads\/2023\/10\/compilot_baeredygtig-bundlinje-eur-hvid-200x176.png 200w, https:\/\/compilot.dk\/wp-content\/uploads\/2023\/10\/compilot_baeredygtig-bundlinje-eur-hvid-300x264.png 300w, https:\/\/compilot.dk\/wp-content\/uploads\/2023\/10\/compilot_baeredygtig-bundlinje-eur-hvid-400x351.png 400w, https:\/\/compilot.dk\/wp-content\/uploads\/2023\/10\/compilot_baeredygtig-bundlinje-eur-hvid.png 436w\" sizes=\"(max-width: 92px) 100vw, 92px\" \/><br \/>\n<strong>SUSTAINABLE BOTTOM LINES<\/strong><br \/>\nWe support sustainable bottom lines by ensuring that project portfolios and programs deliver the agreed outcome for the business.<\/p>\n<\/div><div class=\"fusion-builder-row fusion-builder-row-inner fusion-row fusion-flex-align-items-flex-start fusion-flex-content-wrap\" style=\"width:104% !important;max-width:104% !important;margin-left: calc(-4% \/ 2 );margin-right: calc(-4% \/ 2 );\"><div class=\"fusion-layout-column fusion_builder_column_inner fusion-builder-nested-column-0 fusion_builder_column_inner_1_2 1_2 fusion-flex-column\" style=\"--awb-bg-size:cover;--awb-width-large:50%;--awb-margin-top-large:0px;--awb-spacing-right-large:3.84%;--awb-margin-bottom-large:20px;--awb-spacing-left-large:3.84%;--awb-width-medium:50%;--awb-order-medium:0;--awb-spacing-right-medium:3.84%;--awb-spacing-left-medium:3.84%;--awb-width-small:100%;--awb-order-small:0;--awb-spacing-right-small:1.92%;--awb-spacing-left-small:1.92%;\"><div class=\"fusion-column-wrapper fusion-column-has-shadow fusion-flex-justify-content-flex-start fusion-content-layout-column\"><div style=\"text-align:center;\"><a class=\"fusion-button button-flat fusion-button-default-size button-default fusion-button-default button-1 fusion-button-default-span fusion-button-default-type\" target=\"_self\" href=\"https:\/\/compilot.dk\/en\/sustainable-projects-example\/\"><span class=\"fusion-button-text\">Read More<\/span><\/a><\/div><\/div><\/div><div class=\"fusion-layout-column fusion_builder_column_inner fusion-builder-nested-column-1 fusion_builder_column_inner_1_2 1_2 fusion-flex-column\" style=\"--awb-bg-size:cover;--awb-width-large:50%;--awb-margin-top-large:0px;--awb-spacing-right-large:3.84%;--awb-margin-bottom-large:20px;--awb-spacing-left-large:3.84%;--awb-width-medium:50%;--awb-order-medium:0;--awb-spacing-right-medium:3.84%;--awb-spacing-left-medium:3.84%;--awb-width-small:100%;--awb-order-small:0;--awb-spacing-right-small:1.92%;--awb-spacing-left-small:1.92%;\"><div class=\"fusion-column-wrapper fusion-column-has-shadow fusion-flex-justify-content-flex-start fusion-content-layout-column\"><div style=\"text-align:center;\"><a class=\"fusion-button button-flat fusion-button-default-size button-default fusion-button-default button-2 fusion-button-default-span fusion-button-default-type\" target=\"_self\" href=\"https:\/\/compilot.dk\/en\/contact-forms\/contact-us\/\"><span class=\"fusion-button-text\">Contact Us<\/span><\/a><\/div><\/div><\/div><\/div><\/div><\/div><div class=\"fusion-layout-column fusion_builder_column fusion-builder-column-5 fusion_builder_column_2_5 2_5 fusion-flex-column\" style=\"--awb-z-index:1;--awb-bg-size:cover;--awb-width-large:40%;--awb-margin-top-large:0px;--awb-spacing-right-large:4.8%;--awb-margin-bottom-large:20px;--awb-spacing-left-large:-50px;--awb-width-medium:40%;--awb-order-medium:0;--awb-spacing-right-medium:4.8%;--awb-spacing-left-medium:-50px;--awb-width-small:100%;--awb-order-small:0;--awb-spacing-right-small:1.92%;--awb-spacing-left-small:1.92%;\" data-scroll-devices=\"small-visibility,medium-visibility,large-visibility\"><div class=\"fusion-column-wrapper fusion-column-has-shadow fusion-flex-justify-content-flex-start fusion-content-layout-column\"><div class=\"fusion-image-element \" style=\"--awb-margin-right:-5%;--awb-caption-title-font-family:var(--h2_typography-font-family);--awb-caption-title-font-weight:var(--h2_typography-font-weight);--awb-caption-title-font-style:var(--h2_typography-font-style);--awb-caption-title-size:var(--h2_typography-font-size);--awb-caption-title-transform:var(--h2_typography-text-transform);--awb-caption-title-line-height:var(--h2_typography-line-height);--awb-caption-title-letter-spacing:var(--h2_typography-letter-spacing);\"><span class=\" fusion-imageframe imageframe-none imageframe-1 hover-type-none\"><img decoding=\"async\" width=\"100\" height=\"88\" alt=\"B\u00e6redygtige bundlinjer bliver underst\u00f8ttet af b\u00e6redygtige processer og projekter. Her symbol for b\u00e6redygtige projekter.\" title=\"compilot_baeredygtig-projekter-trekant-sort_100x\" src=\"https:\/\/compilot.dk\/wp-content\/uploads\/2023\/10\/compilot_baeredygtig-projekter-trekant-sort_100x.png\" class=\"img-responsive wp-image-2084\"\/><\/span><\/div><\/div><\/div><\/div><\/div><\/p>\n","protected":false},"excerpt":{"rendered":"","protected":false},"author":2,"featured_media":0,"parent":2296,"menu_order":0,"comment_status":"closed","ping_status":"closed","template":"100-width.php","meta":{"footnotes":""},"class_list":["post-2303","page","type-page","status-publish","hentry"],"_links":{"self":[{"href":"https:\/\/compilot.dk\/en\/wp-json\/wp\/v2\/pages\/2303","targetHints":{"allow":["GET"]}}],"collection":[{"href":"https:\/\/compilot.dk\/en\/wp-json\/wp\/v2\/pages"}],"about":[{"href":"https:\/\/compilot.dk\/en\/wp-json\/wp\/v2\/types\/page"}],"author":[{"embeddable":true,"href":"https:\/\/compilot.dk\/en\/wp-json\/wp\/v2\/users\/2"}],"replies":[{"embeddable":true,"href":"https:\/\/compilot.dk\/en\/wp-json\/wp\/v2\/comments?post=2303"}],"version-history":[{"count":11,"href":"https:\/\/compilot.dk\/en\/wp-json\/wp\/v2\/pages\/2303\/revisions"}],"predecessor-version":[{"id":3445,"href":"https:\/\/compilot.dk\/en\/wp-json\/wp\/v2\/pages\/2303\/revisions\/3445"}],"up":[{"embeddable":true,"href":"https:\/\/compilot.dk\/en\/wp-json\/wp\/v2\/pages\/2296"}],"wp:attachment":[{"href":"https:\/\/compilot.dk\/en\/wp-json\/wp\/v2\/media?parent=2303"}],"curies":[{"name":"wp","href":"https:\/\/api.w.org\/{rel}","templated":true}]}}