{"id":2342,"date":"2023-09-28T11:22:18","date_gmt":"2023-09-28T09:22:18","guid":{"rendered":"https:\/\/compilot.dk\/youtube-references\/"},"modified":"2025-07-15T18:33:46","modified_gmt":"2025-07-15T16:33:46","slug":"youtube-references","status":"publish","type":"page","link":"https:\/\/compilot.dk\/en\/youtube-references\/","title":{"rendered":"YouTube references"},"content":{"rendered":"<p><div class=\"fusion-bg-parallax\" data-bg-align=\"center center\" data-direction=\"up\" data-mute=\"false\" data-opacity=\"100\" data-velocity=\"-0.3\" data-mobile-enabled=\"false\" data-break_parents=\"0\" data-bg-image=\"https:\/\/compilot.dk\/wp-content\/uploads\/2023\/09\/compilot-sustainable-projects-aarhus-harbor_p40.jpg\" data-bg-repeat=\"false\" data-bg-color=\"rgba(0,0,0,0.8)\" data-bg-gradient-type=\"linear\" data-bg-gradient-angle=\"180\" data-bg-gradient-start-color=\"rgba(0,0,0,0.5)\" data-bg-gradient-start-position=\"0\" data-bg-gradient-end-color=\"rgba(0,0,0,0.5)\" data-bg-gradient-end-position=\"100\" data-bg-radial-direction=\"center center\" ><\/div><div class=\"fusion-fullwidth fullwidth-box fusion-builder-row-1 fusion-flex-container has-pattern-background has-mask-background fusion-parallax-up nonhundred-percent-fullwidth non-hundred-percent-height-scrolling\" style=\"--awb-border-radius-top-left:0px;--awb-border-radius-top-right:0px;--awb-border-radius-bottom-right:0px;--awb-border-radius-bottom-left:0px;--awb-min-height:400px;--awb-background-color:rgba(0,0,0,0.8);--awb-background-image:linear-gradient(180deg, rgba(0,0,0,0.5) 0%,rgba(0,0,0,0.5) 100%),url(https:\/\/compilot.dk\/wp-content\/uploads\/2023\/09\/compilot-sustainable-projects-aarhus-harbor_p40.jpg);;--awb-background-size:cover;--awb-flex-wrap:wrap;\" ><div class=\"fusion-builder-row fusion-row fusion-flex-align-items-flex-start fusion-flex-content-wrap\" style=\"max-width:1248px;margin-left: calc(-4% \/ 2 );margin-right: calc(-4% \/ 2 );\"><div class=\"fusion-layout-column fusion_builder_column fusion-builder-column-0 fusion_builder_column_1_1 1_1 fusion-flex-column fusion-flex-align-self-center\" style=\"--awb-bg-size:cover;--awb-width-large:100%;--awb-margin-top-large:0px;--awb-spacing-right-large:7.68%;--awb-margin-bottom-large:20px;--awb-spacing-left-large:7.68%;--awb-width-medium:100%;--awb-order-medium:0;--awb-spacing-right-medium:7.68%;--awb-spacing-left-medium:7.68%;--awb-width-small:100%;--awb-order-small:0;--awb-spacing-right-small:1.92%;--awb-spacing-left-small:1.92%;\" data-scroll-devices=\"small-visibility,medium-visibility,large-visibility\"><div class=\"fusion-column-wrapper fusion-column-has-shadow fusion-flex-justify-content-center fusion-content-layout-column\"><div class=\"fusion-title title fusion-title-1 fusion-no-small-visibility fusion-no-medium-visibility fusion-sep-none fusion-title-center fusion-title-text fusion-title-size-one\" style=\"--awb-text-color:#ffffff;--awb-margin-top:100px;--awb-margin-bottom:120px;--awb-font-size:56px;\"><h1 class=\"fusion-title-heading title-heading-center\" style=\"margin:0;font-size:1em;text-transform:uppercase;\"><p>REFERENCES<br \/>\nSUSTAINABLE ANALYSIS AND PROJECT MANAGEMENT<\/p><\/h1><\/div><div class=\"fusion-title title fusion-title-2 fusion-no-large-visibility fusion-sep-none fusion-title-center fusion-title-text fusion-title-size-two\" style=\"--awb-text-color:#ffffff;--awb-margin-top:100px;--awb-margin-bottom:120px;--awb-font-size:40px;\"><h2 class=\"fusion-title-heading title-heading-center\" style=\"margin:0;font-size:1em;text-transform:uppercase;\"><p>PROJECT MANAGEMENT<br \/>\nSUSTAINABLE<br \/>\nPROCESS AND BOTTOM LINE<\/p><\/h2><\/div><\/div><\/div><\/div><\/div><div class=\"fusion-fullwidth fullwidth-box fusion-builder-row-2 fusion-flex-container has-pattern-background has-mask-background nonhundred-percent-fullwidth non-hundred-percent-height-scrolling\" style=\"--awb-border-radius-top-left:0px;--awb-border-radius-top-right:0px;--awb-border-radius-bottom-right:0px;--awb-border-radius-bottom-left:0px;--awb-padding-top:18px;--awb-padding-right:0px;--awb-padding-bottom:3px;--awb-padding-left:0px;--awb-margin-bottom:0px;--awb-background-color:var(--awb-color7);--awb-flex-wrap:wrap;\" ><div class=\"fusion-builder-row fusion-row fusion-flex-align-items-flex-start fusion-flex-content-wrap\" style=\"max-width:1248px;margin-left: calc(-4% \/ 2 );margin-right: calc(-4% \/ 2 );\"><div class=\"fusion-layout-column fusion_builder_column fusion-builder-column-1 fusion_builder_column_1_1 1_1 fusion-flex-column\" style=\"--awb-bg-size:cover;--awb-width-large:100%;--awb-margin-top-large:3px;--awb-spacing-right-large:1.92%;--awb-margin-bottom-large:10px;--awb-spacing-left-large:1.92%;--awb-width-medium:100%;--awb-order-medium:0;--awb-spacing-right-medium:1.92%;--awb-spacing-left-medium:1.92%;--awb-width-small:100%;--awb-order-small:0;--awb-spacing-right-small:1.92%;--awb-spacing-left-small:1.92%;\"><div class=\"fusion-column-wrapper fusion-column-has-shadow fusion-flex-justify-content-flex-start fusion-content-layout-column\"><div class=\"fusion-text fusion-text-1\" style=\"--awb-font-size:24px;--awb-line-height:26px;--awb-text-color:#ffffff;\"><p style=\"text-align: center;\"><strong style=\"color: var(--awb-text-color); font-family: var(--awb-text-font-family); font-style: var(--awb-text-font-style); text-transform: var(--awb-text-transform); background-color: var(--awb-bg-color-hover); font-size: 20px; line-height: 13px; letter-spacing: 0.21px;\" data-fusion-font=\"true\"><img decoding=\"async\" class=\"alignnone wp-image-634\" src=\"https:\/\/compilot.dk\/wp-content\/uploads\/2023\/09\/baeredygtig-processer-hvid-150x150.png\" alt=\"\" width=\"75\" height=\"66\" srcset=\"https:\/\/compilot.dk\/wp-content\/uploads\/2023\/09\/baeredygtig-processer-hvid-200x176.png 200w, https:\/\/compilot.dk\/wp-content\/uploads\/2023\/09\/baeredygtig-processer-hvid-300x264.png 300w, https:\/\/compilot.dk\/wp-content\/uploads\/2023\/09\/baeredygtig-processer-hvid-400x351.png 400w, https:\/\/compilot.dk\/wp-content\/uploads\/2023\/09\/baeredygtig-processer-hvid.png 436w\" sizes=\"(max-width: 75px) 100vw, 75px\" \/> <img decoding=\"async\" class=\"alignnone wp-image-635\" src=\"https:\/\/compilot.dk\/wp-content\/uploads\/2023\/09\/baeredygtig-bundlinje-EUR-hvid-150x150.png\" alt=\"\" width=\"75\" height=\"66\" srcset=\"https:\/\/compilot.dk\/wp-content\/uploads\/2023\/09\/baeredygtig-bundlinje-EUR-hvid-200x176.png 200w, https:\/\/compilot.dk\/wp-content\/uploads\/2023\/09\/baeredygtig-bundlinje-EUR-hvid-300x264.png 300w, https:\/\/compilot.dk\/wp-content\/uploads\/2023\/09\/baeredygtig-bundlinje-EUR-hvid-400x351.png 400w, https:\/\/compilot.dk\/wp-content\/uploads\/2023\/09\/baeredygtig-bundlinje-EUR-hvid.png 436w\" sizes=\"(max-width: 75px) 100vw, 75px\" \/><\/strong><\/p>\n<p style=\"text-align: center;\"><strong style=\"color: var(--awb-text-color); font-family: var(--awb-text-font-family); font-style: var(--awb-text-font-style); text-transform: var(--awb-text-transform); background-color: var(--awb-bg-color-hover); font-size: 20px; line-height: 13px; letter-spacing: 0.21px;\" data-fusion-font=\"true\">PROCESSES &amp; BOTTOM LINE<\/strong><\/p>\n<\/div><div class=\"fusion-text fusion-text-2\" style=\"--awb-font-size:24px;--awb-line-height:24px;--awb-text-color:#ffffff;\"><p style=\"text-align: center;\"><strong style=\"color: var(--awb-text-color); font-family: var(--awb-text-font-family); font-style: var(--awb-text-font-style); text-transform: var(--awb-text-transform); background-color: var(--awb-bg-color-hover); font-size: 20px; line-height: 13px; letter-spacing: 0.21px;\" data-fusion-font=\"true\">With Early Quality Assurance you get<br \/>\nRobust budgets &amp; plans<br \/>\nand a Sustainable Bottom Line.<\/strong><\/p>\n<\/div><\/div><\/div><\/div><\/div><div class=\"fusion-fullwidth fullwidth-box fusion-builder-row-3 fusion-flex-container has-pattern-background has-mask-background nonhundred-percent-fullwidth non-hundred-percent-height-scrolling\" style=\"--awb-border-sizes-top:10px;--awb-border-radius-top-left:0px;--awb-border-radius-top-right:0px;--awb-border-radius-bottom-right:0px;--awb-border-radius-bottom-left:0px;--awb-padding-top:21px;--awb-padding-bottom:24px;--awb-flex-wrap:wrap;\" ><div class=\"fusion-builder-row fusion-row fusion-flex-align-items-flex-start fusion-flex-content-wrap\" style=\"max-width:1248px;margin-left: calc(-4% \/ 2 );margin-right: calc(-4% \/ 2 );\"><div class=\"fusion-layout-column fusion_builder_column fusion-builder-column-2 fusion_builder_column_3_5 3_5 fusion-flex-column\" style=\"--awb-z-index:9;--awb-padding-top:45px;--awb-padding-right:45px;--awb-padding-bottom:45px;--awb-padding-left:45px;--awb-bg-color:var(--awb-color7);--awb-bg-color-hover:var(--awb-color7);--awb-bg-size:cover;--awb-width-large:60%;--awb-margin-top-large:75px;--awb-spacing-right-large:-90px;--awb-margin-bottom-large:20px;--awb-spacing-left-large:3.2%;--awb-width-medium:60%;--awb-order-medium:0;--awb-spacing-right-medium:-90px;--awb-spacing-left-medium:3.2%;--awb-width-small:100%;--awb-order-small:0;--awb-spacing-right-small:1.92%;--awb-spacing-left-small:1.92%;\" data-scroll-devices=\"small-visibility,medium-visibility,large-visibility\"><div class=\"fusion-column-wrapper fusion-column-has-shadow fusion-flex-justify-content-flex-start fusion-content-layout-column\"><div class=\"fusion-title title fusion-title-3 fusion-sep-none fusion-title-text fusion-title-size-two\" style=\"--awb-text-color:#ffffff;--awb-margin-top:0px;--awb-margin-bottom:5px;--awb-font-size:32px;\"><h2 class=\"fusion-title-heading title-heading-left\" style=\"margin:0;font-size:1em;text-transform:uppercase;\">INTERVIEW: Professor Ole Jonny Klakegg, NTNU<\/h2><\/div><div class=\"fusion-title title fusion-title-4 fusion-sep-none fusion-title-text fusion-title-size-three\" style=\"--awb-text-color:#ffffff;--awb-margin-top:0px;--awb-margin-bottom:25px;--awb-font-size:18px;\"><h3 class=\"fusion-title-heading title-heading-left\" style=\"margin:0;font-size:1em;\">SUCCESSIVE METHOD.<\/h3><\/div><div class=\"fusion-text fusion-text-3 fusion-text-no-margin\" style=\"--awb-font-size:19px;--awb-line-height:24px;--awb-text-color:#ffffff;--awb-margin-bottom:2%;\"><p><strong>The method, benefits, challenges, solutions, application<\/strong><\/p>\n<p>Listen to Ole Jonny Klakegg talk about the Successive Principle in this video.<\/p>\n<\/div><i class=\"fb-icon-element-1 fb-icon-element fontawesome-icon fa-quote-right fas circle-yes fusion-text-flow\" style=\"--awb-circlecolor:var(--awb-color7);--awb-circlebordercolor:var(--awb-custom_color_1);--awb-circlebordersize:1px;--awb-font-size:17.6px;--awb-width:35.2px;--awb-height:35.2px;--awb-line-height:33.2px;--awb-margin-right:10px;\"><\/i><div class=\"fusion-text fusion-text-4 fusion-text-no-margin\" style=\"--awb-font-size:19px;--awb-line-height:24px;--awb-text-color:#ffffff;--awb-margin-bottom:0%;\"><p><strong>1:14<\/strong><br \/>\n&#8220;Biggest benefit: It&#8217;s very practical, understandable and sensible. The method can be easily communicated.&#8221;<\/p>\n<p><strong>1:23<\/strong><br \/>\n&#8220;It&#8217;s based on a combination of common sense and science.&#8221;<\/p>\n<p><strong>2:09<\/strong><br \/>\n&#8220;We need to talk about what we don&#8217;t know about.&#8221;<\/p>\n<p><strong>3:25<\/strong><br \/>\n&#8220;Every business can find situations to use it in.&#8221;<\/p>\n<p><strong>3:36 <\/strong><br \/>\n&#8220;It&#8217;s different what a contractor or developer will use it for. So it&#8217;s situation dependent.&#8221;<\/p>\n<p><strong>5:22 <\/strong><br \/>\n&#8220;It has great strategic potential &#8211; to improve (company) performance in terms of better decisions.&#8221;<\/p>\n<p><strong>5:32 <\/strong><br \/>\n&#8220;If the challenge is to reduce costs &#8211; the potential is here.&#8221;<\/p>\n<p><strong>5:40 <\/strong><br \/>\n&#8220;If the desire is to create added value in projects &#8211; the potential is there.&#8221;<\/p>\n<p><strong>5:19 <\/strong><br \/>\n&#8220;You have to put it in the right context &#8211; then it&#8217;s a very powerful tool.&#8221;<\/p>\n<\/div><i class=\"fb-icon-element-2 fb-icon-element fontawesome-icon fa-quote-left fas circle-yes fusion-text-flow\" style=\"--awb-circlecolor:var(--awb-color7);--awb-circlebordercolor:var(--awb-custom_color_1);--awb-circlebordersize:1px;--awb-font-size:17.6px;--awb-width:35.2px;--awb-height:35.2px;--awb-line-height:33.2px;--awb-margin-bottom:3%;\"><\/i><div class=\"fusion-text fusion-text-5 fusion-text-no-margin\" style=\"--awb-font-size:19px;--awb-line-height:24px;--awb-text-color:#ffffff;--awb-margin-bottom:2%;\"><p><strong>Professor of Project Management, NTNU, Ole Jonny Klakegg<\/strong><\/p>\n<\/div><div style=\"text-align:center;\"><a class=\"fusion-button button-flat fusion-button-default-size button-custom fusion-button-default button-1 fusion-button-default-span fusion-button-default-type\" style=\"--button_accent_color:var(--awb-color4);--button_accent_hover_color:var(--awb-color7);--button_border_hover_color:var(--awb-color7);--button_gradient_top_color:rgba(0,0,0,0);--button_gradient_bottom_color:rgba(0,0,0,0);--button_gradient_top_color_hover:#ffffff;--button_gradient_bottom_color_hover:#ffffff;\" target=\"_self\" href=\"https:\/\/youtu.be\/-II4V9qWkOU\"><span class=\"fusion-button-text\">WATCH VIDEO<\/span><\/a><\/div><\/div><\/div><div class=\"fusion-layout-column fusion_builder_column fusion-builder-column-3 fusion_builder_column_2_5 2_5 fusion-flex-column\" style=\"--awb-z-index:1;--awb-bg-size:cover;--awb-width-large:40%;--awb-margin-top-large:0px;--awb-spacing-right-large:4.8%;--awb-margin-bottom-large:20px;--awb-spacing-left-large:-50px;--awb-width-medium:40%;--awb-order-medium:0;--awb-spacing-right-medium:4.8%;--awb-spacing-left-medium:-50px;--awb-width-small:100%;--awb-order-small:0;--awb-spacing-right-small:1.92%;--awb-spacing-left-small:1.92%;\" data-scroll-devices=\"small-visibility,medium-visibility,large-visibility\"><div class=\"fusion-column-wrapper fusion-column-has-shadow fusion-flex-justify-content-flex-start fusion-content-layout-column\"><div class=\"fusion-image-element fusion-no-medium-visibility fusion-no-large-visibility\" style=\"--awb-caption-title-font-family:var(--h2_typography-font-family);--awb-caption-title-font-weight:var(--h2_typography-font-weight);--awb-caption-title-font-style:var(--h2_typography-font-style);--awb-caption-title-size:var(--h2_typography-font-size);--awb-caption-title-transform:var(--h2_typography-text-transform);--awb-caption-title-line-height:var(--h2_typography-line-height);--awb-caption-title-letter-spacing:var(--h2_typography-letter-spacing);\"><span class=\" fusion-imageframe imageframe-none imageframe-1 hover-type-none\"><img decoding=\"async\" width=\"245\" height=\"300\" alt=\"Professor i projektledelse, Ole Jonny Klakegg. Stor viden om projektledelse, herunder Successiv Princippet.\" title=\"Profilfoto_Ole-Jonny-Klakegg_b300_th\" src=\"https:\/\/compilot.dk\/wp-content\/uploads\/2023\/10\/Profilfoto_Ole-Jonny-Klakegg_b300_th.jpg\" class=\"img-responsive wp-image-2122\" srcset=\"https:\/\/compilot.dk\/wp-content\/uploads\/2023\/10\/Profilfoto_Ole-Jonny-Klakegg_b300_th-200x245.jpg 200w, https:\/\/compilot.dk\/wp-content\/uploads\/2023\/10\/Profilfoto_Ole-Jonny-Klakegg_b300_th.jpg 245w\" sizes=\"(max-width: 640px) 100vw, 245px\" \/><\/span><\/div><div class=\"fusion-image-element fusion-no-small-visibility\" style=\"--awb-caption-title-font-family:var(--h2_typography-font-family);--awb-caption-title-font-weight:var(--h2_typography-font-weight);--awb-caption-title-font-style:var(--h2_typography-font-style);--awb-caption-title-size:var(--h2_typography-font-size);--awb-caption-title-transform:var(--h2_typography-text-transform);--awb-caption-title-line-height:var(--h2_typography-line-height);--awb-caption-title-letter-spacing:var(--h2_typography-letter-spacing);\"><span class=\" fusion-imageframe imageframe-none imageframe-2 hover-type-none\"><img decoding=\"async\" width=\"245\" height=\"300\" alt=\"Professor i projektledelse, Ole Jonny Klakegg. Stor viden om projektledelse, herunder Successiv Princippet.\" title=\"Profilfoto_Ole-Jonny-Klakegg_a_b300\" src=\"https:\/\/compilot.dk\/wp-content\/uploads\/2023\/10\/Profilfoto_Ole-Jonny-Klakegg_a_b300.jpg\" class=\"img-responsive wp-image-2121\" srcset=\"https:\/\/compilot.dk\/wp-content\/uploads\/2023\/10\/Profilfoto_Ole-Jonny-Klakegg_a_b300-200x245.jpg 200w, https:\/\/compilot.dk\/wp-content\/uploads\/2023\/10\/Profilfoto_Ole-Jonny-Klakegg_a_b300.jpg 245w\" sizes=\"(max-width: 640px) 100vw, 245px\" \/><\/span><\/div><\/div><\/div><\/div><\/div><div class=\"fusion-fullwidth fullwidth-box fusion-builder-row-4 fusion-flex-container has-pattern-background has-mask-background nonhundred-percent-fullwidth non-hundred-percent-height-scrolling\" style=\"--awb-border-sizes-top:10px;--awb-border-radius-top-left:0px;--awb-border-radius-top-right:0px;--awb-border-radius-bottom-right:0px;--awb-border-radius-bottom-left:0px;--awb-padding-top:21px;--awb-padding-bottom:24px;--awb-flex-wrap:wrap;\" ><div class=\"fusion-builder-row fusion-row fusion-flex-align-items-flex-start fusion-flex-content-wrap\" style=\"max-width:1248px;margin-left: calc(-4% \/ 2 );margin-right: calc(-4% \/ 2 );\"><div class=\"fusion-layout-column fusion_builder_column fusion-builder-column-4 fusion_builder_column_3_5 3_5 fusion-flex-column\" style=\"--awb-z-index:9;--awb-padding-top:45px;--awb-padding-right:45px;--awb-padding-bottom:45px;--awb-padding-left:45px;--awb-bg-color:var(--awb-color7);--awb-bg-color-hover:var(--awb-color7);--awb-bg-size:cover;--awb-width-large:60%;--awb-margin-top-large:75px;--awb-spacing-right-large:-90px;--awb-margin-bottom-large:20px;--awb-spacing-left-large:3.2%;--awb-width-medium:60%;--awb-order-medium:0;--awb-spacing-right-medium:-90px;--awb-spacing-left-medium:3.2%;--awb-width-small:100%;--awb-order-small:0;--awb-spacing-right-small:1.92%;--awb-spacing-left-small:1.92%;\" data-scroll-devices=\"small-visibility,medium-visibility,large-visibility\"><div class=\"fusion-column-wrapper fusion-column-has-shadow fusion-flex-justify-content-flex-start fusion-content-layout-column\"><div class=\"fusion-title title fusion-title-5 fusion-sep-none fusion-title-text fusion-title-size-two\" style=\"--awb-text-color:#ffffff;--awb-margin-top:0px;--awb-margin-bottom:5px;--awb-font-size:32px;\"><h2 class=\"fusion-title-heading title-heading-left\" style=\"margin:0;font-size:1em;text-transform:uppercase;\">INTERVIEW: Professor Ole Jonny Klakegg, NTNU<\/h2><\/div><div class=\"fusion-title title fusion-title-6 fusion-sep-none fusion-title-text fusion-title-size-three\" style=\"--awb-text-color:#ffffff;--awb-margin-top:0px;--awb-margin-bottom:25px;--awb-font-size:18px;\"><h3 class=\"fusion-title-heading title-heading-left\" style=\"margin:0;font-size:1em;\">SUCCESSIVE METHOD.<\/h3><\/div><div class=\"fusion-text fusion-text-6 fusion-text-no-margin\" style=\"--awb-font-size:19px;--awb-line-height:24px;--awb-text-color:#ffffff;--awb-margin-bottom:2%;\"><p><strong>The method, benefits, challenges, solutions, application<\/strong><\/p>\n<p>Listen to Leif Lindberg talk about the Successive Principle in this video.<\/p>\n<\/div><i class=\"fb-icon-element-3 fb-icon-element fontawesome-icon fa-quote-right fas circle-yes fusion-text-flow\" style=\"--awb-circlecolor:var(--awb-color7);--awb-circlebordercolor:var(--awb-custom_color_1);--awb-circlebordersize:1px;--awb-font-size:17.6px;--awb-width:35.2px;--awb-height:35.2px;--awb-line-height:33.2px;--awb-margin-right:10px;\"><\/i><div class=\"fusion-text fusion-text-7 fusion-text-no-margin\" style=\"--awb-font-size:19px;--awb-line-height:24px;--awb-text-color:#ffffff;--awb-margin-bottom:0%;\"><p>0:05<br \/>\n\u201dEn stor fordel er, at man meget tidligt i projektet, kan man estimere omkostningerne, for at diskuterer finansieringen af projektet.\u201d (Red. I kommunen f\u00f8r beslutningen tages)<\/p>\n<p>1:38<br \/>\n\u201dEn anden stor fordel, er at man f\u00e5r usikkerheden. At vi p\u00e5 detaljeret vis kan arbejde med usikkerheden \u2013 som man ellers kun taler om.\u201d<\/p>\n<p>1:50<br \/>\n\u201dJeg ser fordelen i, at man kan anvende den som et styringsv\u00e6rkt\u00f8j i projekt-gennemf\u00f8relsen, som et styringsv\u00e6rkt\u00f8j for projektledelsen.\u201d<\/p>\n<p>3:40<br \/>\n\u201dVi har et samarbejde med trafikv\u00e6rket, og andre kommuner for at skaffe folk med de rigtige kompetencer til analysen\u201d (Red.)<\/p>\n<\/div><i class=\"fb-icon-element-4 fb-icon-element fontawesome-icon fa-quote-left fas circle-yes fusion-text-flow\" style=\"--awb-circlecolor:var(--awb-color7);--awb-circlebordercolor:var(--awb-custom_color_1);--awb-circlebordersize:1px;--awb-font-size:17.6px;--awb-width:35.2px;--awb-height:35.2px;--awb-line-height:33.2px;--awb-margin-bottom:3%;\"><\/i><div class=\"fusion-text fusion-text-8 fusion-text-no-margin\" style=\"--awb-font-size:19px;--awb-line-height:24px;--awb-text-color:#ffffff;--awb-margin-bottom:35px;\"><p><strong>Technical Director, Lindk\u00f6ping Municipality, Leif Lindberg<\/strong><\/p>\n<\/div><div style=\"text-align:center;\"><a class=\"fusion-button button-flat fusion-button-default-size button-custom fusion-button-default button-2 fusion-button-default-span fusion-button-default-type\" style=\"--button_accent_color:var(--awb-color4);--button_accent_hover_color:var(--awb-color7);--button_border_hover_color:var(--awb-color7);--button_gradient_top_color:rgba(0,0,0,0);--button_gradient_bottom_color:rgba(0,0,0,0);--button_gradient_top_color_hover:#ffffff;--button_gradient_bottom_color_hover:#ffffff;\" target=\"_self\" href=\"https:\/\/youtu.be\/1pQRUxEIh2Y?si=W8RPJkl_xuunVLEo\"><span class=\"fusion-button-text\">WATCH VIDEO<\/span><\/a><\/div><\/div><\/div><div class=\"fusion-layout-column fusion_builder_column fusion-builder-column-5 fusion_builder_column_2_5 2_5 fusion-flex-column\" style=\"--awb-z-index:1;--awb-bg-size:cover;--awb-width-large:40%;--awb-margin-top-large:0px;--awb-spacing-right-large:4.8%;--awb-margin-bottom-large:20px;--awb-spacing-left-large:-50px;--awb-width-medium:40%;--awb-order-medium:0;--awb-spacing-right-medium:4.8%;--awb-spacing-left-medium:-50px;--awb-width-small:100%;--awb-order-small:0;--awb-spacing-right-small:1.92%;--awb-spacing-left-small:1.92%;\" data-scroll-devices=\"small-visibility,medium-visibility,large-visibility\"><div class=\"fusion-column-wrapper fusion-column-has-shadow fusion-flex-justify-content-flex-start fusion-content-layout-column\"><div class=\"fusion-image-element fusion-no-medium-visibility fusion-no-large-visibility\" style=\"--awb-caption-title-font-family:var(--h2_typography-font-family);--awb-caption-title-font-weight:var(--h2_typography-font-weight);--awb-caption-title-font-style:var(--h2_typography-font-style);--awb-caption-title-size:var(--h2_typography-font-size);--awb-caption-title-transform:var(--h2_typography-text-transform);--awb-caption-title-line-height:var(--h2_typography-line-height);--awb-caption-title-letter-spacing:var(--h2_typography-letter-spacing);\"><span class=\" fusion-imageframe imageframe-none imageframe-3 hover-type-none\"><img decoding=\"async\" width=\"211\" height=\"300\" alt=\"Samh\u00e4llsbyggnadsdirekt\u00f6r Link\u00f6pings kommun, Leif Lindberg\" title=\"profilfoto_leif-lindberg_medium_th\" src=\"https:\/\/compilot.dk\/wp-content\/uploads\/2023\/10\/profilfoto_leif-lindberg_medium_th-211x300.jpg\" class=\"img-responsive wp-image-2120\" srcset=\"https:\/\/compilot.dk\/wp-content\/uploads\/2023\/10\/profilfoto_leif-lindberg_medium_th-200x284.jpg 200w, https:\/\/compilot.dk\/wp-content\/uploads\/2023\/10\/profilfoto_leif-lindberg_medium_th.jpg 300w\" sizes=\"(max-width: 640px) 100vw, 211px\" \/><\/span><\/div><div class=\"fusion-image-element fusion-no-small-visibility\" style=\"--awb-caption-title-font-family:var(--h2_typography-font-family);--awb-caption-title-font-weight:var(--h2_typography-font-weight);--awb-caption-title-font-style:var(--h2_typography-font-style);--awb-caption-title-size:var(--h2_typography-font-size);--awb-caption-title-transform:var(--h2_typography-text-transform);--awb-caption-title-line-height:var(--h2_typography-line-height);--awb-caption-title-letter-spacing:var(--h2_typography-letter-spacing);\"><span class=\" fusion-imageframe imageframe-none imageframe-4 hover-type-none\"><img decoding=\"async\" width=\"211\" height=\"300\" alt=\"Samh\" title=\"profilfoto_leif-lindberg_medium\" src=\"https:\/\/compilot.dk\/wp-content\/uploads\/2023\/09\/profilfoto_leif-lindberg_medium-211x300.jpg\" class=\"img-responsive wp-image-2057\" srcset=\"https:\/\/compilot.dk\/wp-content\/uploads\/2023\/09\/profilfoto_leif-lindberg_medium-200x284.jpg 200w, https:\/\/compilot.dk\/wp-content\/uploads\/2023\/09\/profilfoto_leif-lindberg_medium.jpg 300w\" sizes=\"(max-width: 640px) 100vw, 211px\" \/><\/span><\/div><\/div><\/div><\/div><\/div><\/p>\n","protected":false},"excerpt":{"rendered":"","protected":false},"author":6,"featured_media":0,"parent":0,"menu_order":0,"comment_status":"closed","ping_status":"closed","template":"100-width.php","meta":{"footnotes":""},"class_list":["post-2342","page","type-page","status-publish","hentry"],"_links":{"self":[{"href":"https:\/\/compilot.dk\/en\/wp-json\/wp\/v2\/pages\/2342","targetHints":{"allow":["GET"]}}],"collection":[{"href":"https:\/\/compilot.dk\/en\/wp-json\/wp\/v2\/pages"}],"about":[{"href":"https:\/\/compilot.dk\/en\/wp-json\/wp\/v2\/types\/page"}],"author":[{"embeddable":true,"href":"https:\/\/compilot.dk\/en\/wp-json\/wp\/v2\/users\/6"}],"replies":[{"embeddable":true,"href":"https:\/\/compilot.dk\/en\/wp-json\/wp\/v2\/comments?post=2342"}],"version-history":[{"count":4,"href":"https:\/\/compilot.dk\/en\/wp-json\/wp\/v2\/pages\/2342\/revisions"}],"predecessor-version":[{"id":3448,"href":"https:\/\/compilot.dk\/en\/wp-json\/wp\/v2\/pages\/2342\/revisions\/3448"}],"wp:attachment":[{"href":"https:\/\/compilot.dk\/en\/wp-json\/wp\/v2\/media?parent=2342"}],"curies":[{"name":"wp","href":"https:\/\/api.w.org\/{rel}","templated":true}]}}